{"id":2,"date":"2021-10-02T10:15:43","date_gmt":"2021-10-02T08:15:43","guid":{"rendered":"http:\/\/pbmngudddh.cfolks.pl\/?page_id=2"},"modified":"2023-10-03T18:42:25","modified_gmt":"2023-10-03T16:42:25","slug":"przykladowa-strona","status":"publish","type":"page","link":"https:\/\/clip.com.pl\/","title":{"rendered":""},"content":{"rendered":"\n<div class=\"wp-block-group alignfull\"><div class=\"wp-block-group__inner-container is-layout-flow wp-block-group-is-layout-flow\">\n<div class=\"wp-block-nk-awb nk-awb alignfull nk-awb-fullheight nk-awb-content-valign-center is-layout-constrained wp-block-nk-awb-is-layout-constrained\"><div class=\"nk-awb-wrap\" data-awb-type=\"image\" data-awb-parallax=\"scroll\" data-awb-parallax-speed=\"0.5\" data-awb-parallax-mobile=\"false\" data-awb-image-background-size=\"contain\" data-awb-image-background-position=\"50% 50%\"><div class=\"nk-awb-inner\"><img loading=\"lazy\" decoding=\"async\" src=\"https:\/\/clip.com.pl\/wp-content\/uploads\/2021\/10\/Tlo-facebook-Kamil-3.jpg\" class=\"wp-image-30 jarallax-img\" width=\"1920\" height=\"712\" srcset=\"https:\/\/clip.com.pl\/wp-content\/uploads\/2021\/10\/Tlo-facebook-Kamil-3.jpg 1920w, https:\/\/clip.com.pl\/wp-content\/uploads\/2021\/10\/Tlo-facebook-Kamil-3-300x111.jpg 300w, https:\/\/clip.com.pl\/wp-content\/uploads\/2021\/10\/Tlo-facebook-Kamil-3-1024x380.jpg 1024w, https:\/\/clip.com.pl\/wp-content\/uploads\/2021\/10\/Tlo-facebook-Kamil-3-768x285.jpg 768w, https:\/\/clip.com.pl\/wp-content\/uploads\/2021\/10\/Tlo-facebook-Kamil-3-1536x570.jpg 1536w, https:\/\/clip.com.pl\/wp-content\/uploads\/2021\/10\/Tlo-facebook-Kamil-3-1200x445.jpg 1200w\" sizes=\"auto, (max-width: 1920px) 100vw, 1920px\" \/><\/div><\/div><div class=\"nk-awb-wrap-content\"><\/div><\/div>\n<\/div><\/div>\n\n\n\n<div class=\"wp-block-group alignfull has-primary-color has-text-color has-background\" id=\"o-nas\" style=\"background-color:#f4f4f4\"><div class=\"wp-block-group__inner-container is-layout-flow wp-block-group-is-layout-flow\">\n<p style=\"font-size:20px;font-style:normal;font-weight:500\">Podstawow\u0105 dzia\u0142alno\u015bci\u0105 CLIP KAMIL SKIBICKI jest projektowanie i realizacja na terenie ca\u0142ej Polski.&nbsp;<\/p>\n\n\n\n<p style=\"font-size:20px;font-style:normal;font-weight:500\"><br>Pracownia projektowa prowadzona przez Kamila Skibickiego za\u0142o\u017cyciela firmy wspierana jest przez do\u015bwiadczonych projektant\u00f3w budowlanych bran\u017cy konstrukcyjnej, sanitarnej <br>i elektrycznej.<\/p>\n\n\n\n<p style=\"font-size:20px;font-style:normal;font-weight:500\"><br>Realizacje prowadzane we wsp\u00f3\u0142pracy z najlepszymi fachowcami. Naszymi klientami s\u0105 osoby prywatne, jednostki samorz\u0105du terytorialnego, sp\u00f3\u0142dzielnie i wsp\u00f3lnoty mieszkaniowe, z kt\u00f3rymi budujemy trwa\u0142e, lojalne i uczciwe relacje handlowe.<\/p>\n<\/div><\/div>\n\n\n\n<div class=\"wp-block-group alignfull\"><div class=\"wp-block-group__inner-container is-layout-flow wp-block-group-is-layout-flow\">\n<div class=\"wp-block-nk-awb nk-awb alignfull nk-awb-fullheight nk-awb-content-valign-center is-layout-constrained wp-block-nk-awb-is-layout-constrained\"><div class=\"nk-awb-wrap\" data-awb-type=\"image\" data-awb-parallax=\"scroll\" data-awb-parallax-speed=\"0.5\" data-awb-parallax-mobile=\"false\" data-awb-image-background-size=\"contain\" data-awb-image-background-position=\"50% 50%\"><div class=\"nk-awb-inner\"><img loading=\"lazy\" decoding=\"async\" src=\"https:\/\/clip.com.pl\/wp-content\/uploads\/2021\/10\/214242609_2757376547719756_633034907436987287_n-scaled.jpg\" class=\"wp-image-18 jarallax-img\" width=\"2560\" height=\"1810\" srcset=\"https:\/\/clip.com.pl\/wp-content\/uploads\/2021\/10\/214242609_2757376547719756_633034907436987287_n-scaled.jpg 2560w, https:\/\/clip.com.pl\/wp-content\/uploads\/2021\/10\/214242609_2757376547719756_633034907436987287_n-300x212.jpg 300w, https:\/\/clip.com.pl\/wp-content\/uploads\/2021\/10\/214242609_2757376547719756_633034907436987287_n-1024x724.jpg 1024w, https:\/\/clip.com.pl\/wp-content\/uploads\/2021\/10\/214242609_2757376547719756_633034907436987287_n-768x543.jpg 768w, https:\/\/clip.com.pl\/wp-content\/uploads\/2021\/10\/214242609_2757376547719756_633034907436987287_n-1536x1086.jpg 1536w, https:\/\/clip.com.pl\/wp-content\/uploads\/2021\/10\/214242609_2757376547719756_633034907436987287_n-2048x1448.jpg 2048w, https:\/\/clip.com.pl\/wp-content\/uploads\/2021\/10\/214242609_2757376547719756_633034907436987287_n-1200x848.jpg 1200w, https:\/\/clip.com.pl\/wp-content\/uploads\/2021\/10\/214242609_2757376547719756_633034907436987287_n-1980x1400.jpg 1980w\" sizes=\"auto, (max-width: 2560px) 100vw, 2560px\" \/><\/div><\/div><div class=\"nk-awb-wrap-content\"><\/div><\/div>\n<\/div><\/div>\n\n\n\n<div class=\"wp-block-group alignfull has-background\" id=\"kariera\" style=\"background-color:#f4f4f4\"><div class=\"wp-block-group__inner-container is-layout-flow wp-block-group-is-layout-flow\">\n<p style=\"font-style:normal;font-weight:500\">Za licznymi projektami i realizacjami CLIP stoi zesp\u00f3\u0142 ludzi <br>z pasj\u0105. Jeste\u015bmy entuzjastami architektury i designu. <br>Naszym pracownikom umo\u017cliwiamy rozw\u00f3j i tworzymy warunki do tego, by jak najlepiej mogli wykorzysta\u0107 sw\u00f3j potencja\u0142. Cenimy samodzielno\u015b\u0107, kreatywno\u015b\u0107, profesjonalizm. <\/p>\n\n\n\n<p>Je\u015bli chcesz do nas do\u0142\u0105czy\u0107 prze\u015blij swoj\u0105 aplikacj\u0119 na adres:&nbsp;<a href=\"mailto:clip.skibicki@gmail.com\">clip.skibicki@gmail.com<\/a>.&nbsp;W przypadku pojawienia si\u0119 wakatu skontaktujemy si\u0119 z wybranymi osobami.<\/p>\n<\/div><\/div>\n\n\n\n<div class=\"wp-block-group alignfull\"><div class=\"wp-block-group__inner-container is-layout-flow wp-block-group-is-layout-flow\"><\/div><\/div>\n\n\n\n<div class=\"wp-block-group alignfull has-background has-normal-font-size\" id=\"oferta\" style=\"background-color:#f4f4f4;font-style:normal;font-weight:500\"><div class=\"wp-block-group__inner-container is-layout-flow wp-block-group-is-layout-flow\">\n<p class=\"has-normal-font-size\"><strong>OFERTA<\/strong><\/p>\n\n\n\n<ul class=\"wp-block-list\" style=\"font-style:normal;font-weight:500\">\n<li class=\"has-normal-font-size\" style=\"font-style:normal;font-weight:500\">kompleksowe i cz\u0119\u015bciowe projekty (np. projekty indywidualne, projekty wykonawcze, adaptacje projekt\u00f3w gotowych)<\/li>\n\n\n\n<li class=\"has-normal-font-size\" style=\"font-style:normal;font-weight:500\">zapewnienie&nbsp;obs\u0142ugi wykonawczej&nbsp;dla realizacji naszych projekt\u00f3w<\/li>\n\n\n\n<li class=\"has-normal-font-size\" style=\"font-style:normal;font-weight:500\">dostaw\u0119 materia\u0142\u00f3w wyko\u0144czeniowych i element\u00f3w wyposa\u017cenia<\/li>\n\n\n\n<li class=\"has-normal-font-size\" style=\"font-style:normal;font-weight:500\">nadzory (r\u00f3\u017cne formy) i realizacje&nbsp;\u201cpod klucz\u201d<\/li>\n\n\n\n<li class=\"has-normal-font-size\" style=\"font-style:normal;font-weight:500\">projekty&nbsp;\u201cna odleg\u0142o\u015b\u0107\u201d&nbsp;dla inwestycji krajowych i zagranicznych<\/li>\n\n\n\n<li class=\"has-normal-font-size\" style=\"font-style:normal;font-weight:500\">projekty bran\u017cowe (np. dla lokali u\u017cytkowych)<\/li>\n\n\n\n<li class=\"has-normal-font-size\" style=\"font-style:normal;font-weight:500\">projekty aran\u017cacji zieleni wok\u00f3\u0142 budynk\u00f3w oraz projekty taras\u00f3w<\/li>\n\n\n\n<li class=\"has-normal-font-size\" style=\"font-style:normal;font-weight:500\">inwentaryzacje obiekt\u00f3w budowlanych<\/li>\n\n\n\n<li class=\"has-normal-font-size\" style=\"font-style:normal;font-weight:500\">przedmiary rob\u00f3t oraz kosztorysy<\/li>\n<\/ul>\n<\/div><\/div>\n\n\n\n<div class=\"wp-block-group alignfull\"><div class=\"wp-block-group__inner-container is-layout-flow wp-block-group-is-layout-flow\">\n<div class=\"wp-block-nk-awb nk-awb alignfull nk-awb-fullheight nk-awb-content-valign-center is-layout-constrained wp-block-nk-awb-is-layout-constrained\"><div class=\"nk-awb-wrap\" data-awb-type=\"image\" data-awb-parallax=\"scroll\" data-awb-parallax-speed=\"0.5\" data-awb-parallax-mobile=\"false\" data-awb-image-background-size=\"contain\" data-awb-image-background-position=\"50% 50%\"><div class=\"nk-awb-inner\"><img loading=\"lazy\" decoding=\"async\" src=\"https:\/\/clip.com.pl\/wp-content\/uploads\/2021\/10\/Tlo-facebook-Kamil-4_org.jpg\" class=\"wp-image-5 jarallax-img\" width=\"1920\" height=\"712\" srcset=\"https:\/\/clip.com.pl\/wp-content\/uploads\/2021\/10\/Tlo-facebook-Kamil-4_org.jpg 1920w, https:\/\/clip.com.pl\/wp-content\/uploads\/2021\/10\/Tlo-facebook-Kamil-4_org-300x111.jpg 300w, https:\/\/clip.com.pl\/wp-content\/uploads\/2021\/10\/Tlo-facebook-Kamil-4_org-1024x380.jpg 1024w, https:\/\/clip.com.pl\/wp-content\/uploads\/2021\/10\/Tlo-facebook-Kamil-4_org-768x285.jpg 768w, https:\/\/clip.com.pl\/wp-content\/uploads\/2021\/10\/Tlo-facebook-Kamil-4_org-1536x570.jpg 1536w, https:\/\/clip.com.pl\/wp-content\/uploads\/2021\/10\/Tlo-facebook-Kamil-4_org-1200x445.jpg 1200w\" sizes=\"auto, (max-width: 1920px) 100vw, 1920px\" \/><\/div><\/div><div class=\"nk-awb-wrap-content\"><\/div><\/div>\n<\/div><\/div>\n\n\n\n<p><\/p>\n","protected":false},"excerpt":{"rendered":"<p>Podstawow\u0105 dzia\u0142alno\u015bci\u0105 CLIP KAMIL SKIBICKI jest projektowanie i realizacja na terenie ca\u0142ej Polski.&nbsp; Pracownia projektowa prowadzona przez Kamila Skibickiego za\u0142o\u017cyciela firmy wspierana jest przez do\u015bwiadczonych projektant\u00f3w budowlanych bran\u017cy konstrukcyjnej, sanitarnej i elektrycznej. Realizacje prowadzane we wsp\u00f3\u0142pracy z najlepszymi fachowcami. Naszymi klientami s\u0105 osoby prywatne, jednostki samorz\u0105du terytorialnego, sp\u00f3\u0142dzielnie i wsp\u00f3lnoty mieszkaniowe, z kt\u00f3rymi budujemy trwa\u0142e, [&hellip;]<\/p>\n","protected":false},"author":1,"featured_media":0,"parent":0,"menu_order":0,"comment_status":"closed","ping_status":"closed","template":"","meta":{"footnotes":""},"class_list":["post-2","page","type-page","status-publish","hentry"],"_links":{"self":[{"href":"https:\/\/clip.com.pl\/index.php?rest_route=\/wp\/v2\/pages\/2","targetHints":{"allow":["GET"]}}],"collection":[{"href":"https:\/\/clip.com.pl\/index.php?rest_route=\/wp\/v2\/pages"}],"about":[{"href":"https:\/\/clip.com.pl\/index.php?rest_route=\/wp\/v2\/types\/page"}],"author":[{"embeddable":true,"href":"https:\/\/clip.com.pl\/index.php?rest_route=\/wp\/v2\/users\/1"}],"replies":[{"embeddable":true,"href":"https:\/\/clip.com.pl\/index.php?rest_route=%2Fwp%2Fv2%2Fcomments&post=2"}],"version-history":[{"count":54,"href":"https:\/\/clip.com.pl\/index.php?rest_route=\/wp\/v2\/pages\/2\/revisions"}],"predecessor-version":[{"id":206,"href":"https:\/\/clip.com.pl\/index.php?rest_route=\/wp\/v2\/pages\/2\/revisions\/206"}],"wp:attachment":[{"href":"https:\/\/clip.com.pl\/index.php?rest_route=%2Fwp%2Fv2%2Fmedia&parent=2"}],"curies":[{"name":"wp","href":"https:\/\/api.w.org\/{rel}","templated":true}]}}